{"id":8,"date":"2025-11-06T17:28:14","date_gmt":"2025-11-06T17:28:14","guid":{"rendered":"https:\/\/blogdogastal.com.br\/?page_id=8"},"modified":"2025-11-13T12:04:58","modified_gmt":"2025-11-13T12:04:58","slug":"home","status":"publish","type":"page","link":"https:\/\/blogdogastal.com.br\/","title":{"rendered":"Home"},"content":{"rendered":"\t\t<div data-elementor-type=\"wp-page\" data-elementor-id=\"8\" class=\"elementor elementor-8\" data-elementor-post-type=\"page\">\n\t\t\t\t<div class=\"elementor-element elementor-element-d6ad70a e-flex e-con-boxed e-con e-parent\" data-id=\"d6ad70a\" data-element_type=\"container\" data-settings=\"{&quot;background_background&quot;:&quot;classic&quot;}\">\n\t\t\t\t\t<div class=\"e-con-inner\">\n\t\t\t\t\t<\/div>\n\t\t\t\t<\/div>\n\t\t<div class=\"elementor-element elementor-element-5341551 e-flex e-con-boxed e-con e-parent\" data-id=\"5341551\" data-element_type=\"container\" data-settings=\"{&quot;background_background&quot;:&quot;classic&quot;}\">\n\t\t\t\t\t<div class=\"e-con-inner\">\n\t\t\t\t<div class=\"elementor-element elementor-element-1b2fdd5 elementor-widget elementor-widget-image\" data-id=\"1b2fdd5\" data-element_type=\"widget\" data-widget_type=\"image.default\">\n\t\t\t\t\t\t\t\t\t\t\t\t\t\t\t<img fetchpriority=\"high\" decoding=\"async\" width=\"800\" height=\"261\" src=\"https:\/\/blogdogastal.com.br\/wp-content\/uploads\/2025\/11\/imagem.fw_.png\" class=\"attachment-large size-large wp-image-19\" alt=\"\" srcset=\"https:\/\/blogdogastal.com.br\/wp-content\/uploads\/2025\/11\/imagem.fw_.png 1005w, https:\/\/blogdogastal.com.br\/wp-content\/uploads\/2025\/11\/imagem.fw_-300x98.png 300w, https:\/\/blogdogastal.com.br\/wp-content\/uploads\/2025\/11\/imagem.fw_-768x251.png 768w\" sizes=\"(max-width: 800px) 100vw, 800px\" \/>\t\t\t\t\t\t\t\t\t\t\t\t\t\t\t<\/div>\n\t\t\t\t\t<\/div>\n\t\t\t\t<\/div>\n\t\t<div class=\"elementor-element elementor-element-f78ce3b e-flex e-con-boxed e-con e-parent\" data-id=\"f78ce3b\" data-element_type=\"container\" data-settings=\"{&quot;background_background&quot;:&quot;classic&quot;}\">\n\t\t\t\t\t<div class=\"e-con-inner\">\n\t\t<div class=\"elementor-element elementor-element-a811c51 e-con-full e-flex e-con e-child\" data-id=\"a811c51\" data-element_type=\"container\" data-settings=\"{&quot;background_background&quot;:&quot;classic&quot;}\">\n\t\t\t\t<div class=\"elementor-element elementor-element-d61c7eb elementor-grid-1 elementor-grid-tablet-2 elementor-grid-mobile-1 elementor-posts--thumbnail-top elementor-widget elementor-widget-posts\" data-id=\"d61c7eb\" data-element_type=\"widget\" data-settings=\"{&quot;classic_columns&quot;:&quot;1&quot;,&quot;classic_columns_tablet&quot;:&quot;2&quot;,&quot;classic_columns_mobile&quot;:&quot;1&quot;,&quot;classic_row_gap&quot;:{&quot;unit&quot;:&quot;px&quot;,&quot;size&quot;:35,&quot;sizes&quot;:[]},&quot;classic_row_gap_tablet&quot;:{&quot;unit&quot;:&quot;px&quot;,&quot;size&quot;:&quot;&quot;,&quot;sizes&quot;:[]},&quot;classic_row_gap_mobile&quot;:{&quot;unit&quot;:&quot;px&quot;,&quot;size&quot;:&quot;&quot;,&quot;sizes&quot;:[]}}\" data-widget_type=\"posts.classic\">\n\t\t\t\t<div class=\"elementor-widget-container\">\n\t\t\t\t\t\t\t<div class=\"elementor-posts-container elementor-posts elementor-posts--skin-classic elementor-grid\">\n\t\t\t\t<article class=\"elementor-post elementor-grid-item post-34 post type-post status-publish format-standard hentry category-uncategorized\">\n\t\t\t\t<div class=\"elementor-post__text\">\n\t\t\t\t<h3 class=\"elementor-post__title\">\n\t\t\t<a href=\"https:\/\/blogdogastal.com.br\/?p=34\" >\n\t\t\t\t[1\u00ba encontro dos Di\u00e1logos de Competitividade debateu o tema Desempenho e Complexidade Econ\u00f4mica]\t\t\t<\/a>\n\t\t<\/h3>\n\t\t\t\t<div class=\"elementor-post__meta-data\">\n\t\t\t\t\t<span class=\"elementor-post-date\">\n\t\t\tabril 27, 2025\t\t<\/span>\n\t\t\t\t<\/div>\n\t\t\t\t<div class=\"elementor-post__excerpt\">\n\t\t\t<p>Por Ivan Bicudo, da ABDI O que o Brasil pode fazer para elevar seu patamar econ\u00f4mico e tornar sua economia mais sofisticada? Essas foram duas<\/p>\n\t\t<\/div>\n\t\t\n\t\t<a class=\"elementor-post__read-more\" href=\"https:\/\/blogdogastal.com.br\/?p=34\" aria-label=\"Read more about [1\u00ba encontro dos Di\u00e1logos de Competitividade debateu o tema Desempenho e Complexidade Econ\u00f4mica]\" tabindex=\"-1\" >\n\t\t\tLeia Mais \u00bb\t\t<\/a>\n\n\t\t\t\t<\/div>\n\t\t\t\t<\/article>\n\t\t\t\t<article class=\"elementor-post elementor-grid-item post-40 post type-post status-publish format-standard hentry category-uncategorized\">\n\t\t\t\t<div class=\"elementor-post__text\">\n\t\t\t\t<h3 class=\"elementor-post__title\">\n\t\t\t<a href=\"https:\/\/blogdogastal.com.br\/?p=40\" >\n\t\t\t\t[ A hora e a vez dos inquietos ]\t\t\t<\/a>\n\t\t<\/h3>\n\t\t\t\t<div class=\"elementor-post__meta-data\">\n\t\t\t\t\t<span class=\"elementor-post-date\">\n\t\t\tdezembro 2, 2020\t\t<\/span>\n\t\t\t\t<\/div>\n\t\t\t\t<div class=\"elementor-post__excerpt\">\n\t\t\t<p>&#8220;O h\u00e1bito \u00e9 a usina da mediocridade&#8221; diz o ditado. Claro que manter bons h\u00e1bitos \u00e9 importante. Todos n\u00f3s temos nossas rotinas. Contudo, \u00e9 a<\/p>\n\t\t<\/div>\n\t\t\n\t\t<a class=\"elementor-post__read-more\" href=\"https:\/\/blogdogastal.com.br\/?p=40\" aria-label=\"Read more about [ A hora e a vez dos inquietos ]\" tabindex=\"-1\" >\n\t\t\tLeia Mais \u00bb\t\t<\/a>\n\n\t\t\t\t<\/div>\n\t\t\t\t<\/article>\n\t\t\t\t<article class=\"elementor-post elementor-grid-item post-38 post type-post status-publish format-standard hentry category-uncategorized\">\n\t\t\t\t<div class=\"elementor-post__text\">\n\t\t\t\t<h3 class=\"elementor-post__title\">\n\t\t\t<a href=\"https:\/\/blogdogastal.com.br\/?p=38\" >\n\t\t\t\t[O jeito \u00e9 descomplicar]\t\t\t<\/a>\n\t\t<\/h3>\n\t\t\t\t<div class=\"elementor-post__meta-data\">\n\t\t\t\t\t<span class=\"elementor-post-date\">\n\t\t\tsetembro 2, 2020\t\t<\/span>\n\t\t\t\t<\/div>\n\t\t\t\t<div class=\"elementor-post__excerpt\">\n\t\t\t<p>A gest\u00e3o p\u00fablica aprende diariamente com a pandemia. Entre as li\u00e7\u00f5es, certamente est\u00e1 a afirma\u00e7\u00e3o da necessidade de valer-se da atualiza\u00e7\u00e3o tecnol\u00f3gica e da mudan\u00e7a<\/p>\n\t\t<\/div>\n\t\t\n\t\t<a class=\"elementor-post__read-more\" href=\"https:\/\/blogdogastal.com.br\/?p=38\" aria-label=\"Read more about [O jeito \u00e9 descomplicar]\" tabindex=\"-1\" >\n\t\t\tLeia Mais \u00bb\t\t<\/a>\n\n\t\t\t\t<\/div>\n\t\t\t\t<\/article>\n\t\t\t\t<article class=\"elementor-post elementor-grid-item post-36 post type-post status-publish format-standard hentry category-uncategorized\">\n\t\t\t\t<div class=\"elementor-post__text\">\n\t\t\t\t<h3 class=\"elementor-post__title\">\n\t\t\t<a href=\"https:\/\/blogdogastal.com.br\/?p=36\" >\n\t\t\t\t[Meu Munic\u00edpio!]\t\t\t<\/a>\n\t\t<\/h3>\n\t\t\t\t<div class=\"elementor-post__meta-data\">\n\t\t\t\t\t<span class=\"elementor-post-date\">\n\t\t\tjunho 30, 2014\t\t<\/span>\n\t\t\t\t<\/div>\n\t\t\t\t<div class=\"elementor-post__excerpt\">\n\t\t\t<p>Quem n\u00e3o mede n\u00e3o gerencia! Esta afirma\u00e7\u00e3o \u00e9 um dos princ\u00edpios fundamentais da gest\u00e3o. Voc\u00ea sabia que a Receita Tribut\u00e1ria per Capita de Pelotas &#8211;<\/p>\n\t\t<\/div>\n\t\t\n\t\t<a class=\"elementor-post__read-more\" href=\"https:\/\/blogdogastal.com.br\/?p=36\" aria-label=\"Read more about [Meu Munic\u00edpio!]\" tabindex=\"-1\" >\n\t\t\tLeia Mais \u00bb\t\t<\/a>\n\n\t\t\t\t<\/div>\n\t\t\t\t<\/article>\n\t\t\t\t<article class=\"elementor-post elementor-grid-item post-31 post type-post status-publish format-standard hentry category-uncategorized\">\n\t\t\t\t<div class=\"elementor-post__text\">\n\t\t\t\t<h3 class=\"elementor-post__title\">\n\t\t\t<a href=\"https:\/\/blogdogastal.com.br\/?p=31\" >\n\t\t\t\t[ O novo modelo ferrovi\u00e1rio (II) ]\t\t\t<\/a>\n\t\t<\/h3>\n\t\t\t\t<div class=\"elementor-post__meta-data\">\n\t\t\t\t\t<span class=\"elementor-post-date\">\n\t\t\tabril 26, 2014\t\t<\/span>\n\t\t\t\t<\/div>\n\t\t\t\t<div class=\"elementor-post__excerpt\">\n\t\t\t<p>No \u00faltimo artigo, destaquei alguns aspectos do modal ferrovi\u00e1rio brasileiro e mencionei pontos que mostram as justificativas que levam \u00e0 necessidade da revis\u00e3o do funcionamento<\/p>\n\t\t<\/div>\n\t\t\n\t\t<a class=\"elementor-post__read-more\" href=\"https:\/\/blogdogastal.com.br\/?p=31\" aria-label=\"Read more about [ O novo modelo ferrovi\u00e1rio (II) ]\" tabindex=\"-1\" >\n\t\t\tLeia Mais \u00bb\t\t<\/a>\n\n\t\t\t\t<\/div>\n\t\t\t\t<\/article>\n\t\t\t\t<article class=\"elementor-post elementor-grid-item post-29 post type-post status-publish format-standard hentry category-uncategorized\">\n\t\t\t\t<div class=\"elementor-post__text\">\n\t\t\t\t<h3 class=\"elementor-post__title\">\n\t\t\t<a href=\"https:\/\/blogdogastal.com.br\/?p=29\" >\n\t\t\t\t[ O novo modelo ferrovi\u00e1rio (I) ]\t\t\t<\/a>\n\t\t<\/h3>\n\t\t\t\t<div class=\"elementor-post__meta-data\">\n\t\t\t\t\t<span class=\"elementor-post-date\">\n\t\t\tabril 8, 2014\t\t<\/span>\n\t\t\t\t<\/div>\n\t\t\t\t<div class=\"elementor-post__excerpt\">\n\t\t\t<p>O custo da log\u00edstica no Brasil est\u00e1 ao redor de 15% do PIB. Nos pa\u00edses mais desenvolvidos este percentual corresponde a 8% do PIB. Basicamente,<\/p>\n\t\t<\/div>\n\t\t\n\t\t<a class=\"elementor-post__read-more\" href=\"https:\/\/blogdogastal.com.br\/?p=29\" aria-label=\"Read more about [ O novo modelo ferrovi\u00e1rio (I) ]\" tabindex=\"-1\" >\n\t\t\tLeia Mais \u00bb\t\t<\/a>\n\n\t\t\t\t<\/div>\n\t\t\t\t<\/article>\n\t\t\t\t<article class=\"elementor-post elementor-grid-item post-27 post type-post status-publish format-standard hentry category-uncategorized\">\n\t\t\t\t<div class=\"elementor-post__text\">\n\t\t\t\t<h3 class=\"elementor-post__title\">\n\t\t\t<a href=\"https:\/\/blogdogastal.com.br\/?p=27\" >\n\t\t\t\t[ O custo da burocracia no im\u00f3vel ]\t\t\t<\/a>\n\t\t<\/h3>\n\t\t\t\t<div class=\"elementor-post__meta-data\">\n\t\t\t\t\t<span class=\"elementor-post-date\">\n\t\t\tmar\u00e7o 31, 2014\t\t<\/span>\n\t\t\t\t<\/div>\n\t\t\t\t<div class=\"elementor-post__excerpt\">\n\t\t\t<p>A burocracia e seus efeitos \u00e9 algo que constantemente est\u00e1 na pauta. No entanto, s\u00e3o poucas as vezes em que isto \u00e9 quantificado, permitindo termos<\/p>\n\t\t<\/div>\n\t\t\n\t\t<a class=\"elementor-post__read-more\" href=\"https:\/\/blogdogastal.com.br\/?p=27\" aria-label=\"Read more about [ O custo da burocracia no im\u00f3vel ]\" tabindex=\"-1\" >\n\t\t\tLeia Mais \u00bb\t\t<\/a>\n\n\t\t\t\t<\/div>\n\t\t\t\t<\/article>\n\t\t\t\t<article class=\"elementor-post elementor-grid-item post-25 post type-post status-publish format-standard hentry category-uncategorized\">\n\t\t\t\t<div class=\"elementor-post__text\">\n\t\t\t\t<h3 class=\"elementor-post__title\">\n\t\t\t<a href=\"https:\/\/blogdogastal.com.br\/?p=25\" >\n\t\t\t\t[ O Papel das Ag\u00eancias Reguladoras ]\t\t\t<\/a>\n\t\t<\/h3>\n\t\t\t\t<div class=\"elementor-post__meta-data\">\n\t\t\t\t\t<span class=\"elementor-post-date\">\n\t\t\tmar\u00e7o 23, 2014\t\t<\/span>\n\t\t\t\t<\/div>\n\t\t\t\t<div class=\"elementor-post__excerpt\">\n\t\t\t<p>Nesta ter\u00e7a-feira, 25, participo do painel \u201cA Melhoria da Gest\u00e3o nas Ag\u00eancias Reguladoras\u201d, que comp\u00f5e as atividades comemorativas aos 15 anos da ANVISA (Ag\u00eancia Nacional<\/p>\n\t\t<\/div>\n\t\t\n\t\t<a class=\"elementor-post__read-more\" href=\"https:\/\/blogdogastal.com.br\/?p=25\" aria-label=\"Read more about [ O Papel das Ag\u00eancias Reguladoras ]\" tabindex=\"-1\" >\n\t\t\tLeia Mais \u00bb\t\t<\/a>\n\n\t\t\t\t<\/div>\n\t\t\t\t<\/article>\n\t\t\t\t<\/div>\n\t\t\n\t\t\t\t\t\t<\/div>\n\t\t\t\t<\/div>\n\t\t\t\t<\/div>\n\t\t<div class=\"elementor-element elementor-element-737f37b e-con-full e-flex e-con e-child\" data-id=\"737f37b\" data-element_type=\"container\" data-settings=\"{&quot;background_background&quot;:&quot;classic&quot;}\">\n\t\t<div class=\"elementor-element elementor-element-b4233a7 e-con-full e-flex e-con e-child\" data-id=\"b4233a7\" data-element_type=\"container\">\n\t\t\t\t<div class=\"elementor-element elementor-element-62362ba elementor-widget elementor-widget-image\" data-id=\"62362ba\" data-element_type=\"widget\" data-widget_type=\"image.default\">\n\t\t\t\t\t\t\t\t\t\t\t\t\t\t\t<img decoding=\"async\" width=\"227\" height=\"301\" src=\"https:\/\/blogdogastal.com.br\/wp-content\/uploads\/2025\/11\/foto.fw_.png\" class=\"attachment-full size-full wp-image-49\" alt=\"\" \/>\t\t\t\t\t\t\t\t\t\t\t\t\t\t\t<\/div>\n\t\t\t\t<div class=\"elementor-element elementor-element-dc5ee8c elementor-widget elementor-widget-text-editor\" data-id=\"dc5ee8c\" data-element_type=\"widget\" data-widget_type=\"text-editor.default\">\n\t\t\t\t\t\t\t\t\t<p>Claudio Gastal \u00e9 secret\u00e1rio de Planejamento, Governan\u00e7a e Gest\u00e3o do Estado do Rio Grande do Sul.<\/p><p>Atuou como presidente executivo do Movimento Brasil Competitivo (MBC), \u00e9 graduado na \u00e1rea de An\u00e1lise de Sistemas pela Universidade Cat\u00f3lica de Pelotas (UCPel), com mestrado em Sistemas de Informa\u00e7\u00f5es pela PUC-Campinas.<\/p><p>Foi professor adjunto da UCPel e coordenador do Escrit\u00f3rio de Desenvolvimento Regional em Pelotas. De 2011 a 2015, exerceu cargo de secret\u00e1rio executivo da C\u00e2mara de Pol\u00edticas de Gest\u00e3o, Desempenho e Competitividade da Presid\u00eancia da Rep\u00fablica.<\/p>\t\t\t\t\t\t\t\t<\/div>\n\t\t\t\t<div class=\"elementor-element elementor-element-d820698 elementor-widget elementor-widget-image\" data-id=\"d820698\" data-element_type=\"widget\" data-widget_type=\"image.default\">\n\t\t\t\t\t\t\t\t\t\t\t\t\t\t\t<img decoding=\"async\" width=\"499\" height=\"684\" src=\"https:\/\/blogdogastal.com.br\/wp-content\/uploads\/2025\/11\/Untitled-4.fw_.png\" class=\"attachment-full size-full wp-image-53\" alt=\"\" srcset=\"https:\/\/blogdogastal.com.br\/wp-content\/uploads\/2025\/11\/Untitled-4.fw_.png 499w, https:\/\/blogdogastal.com.br\/wp-content\/uploads\/2025\/11\/Untitled-4.fw_-219x300.png 219w\" sizes=\"(max-width: 499px) 100vw, 499px\" \/>\t\t\t\t\t\t\t\t\t\t\t\t\t\t\t<\/div>\n\t\t\t\t<div class=\"elementor-element elementor-element-63a3617 elementor-widget elementor-widget-text-editor\" data-id=\"63a3617\" data-element_type=\"widget\" data-widget_type=\"text-editor.default\">\n\t\t\t\t\t\t\t\t\t<p>Nelson Boeira Gaedrich para Revista do Globo (1935)<\/p>\t\t\t\t\t\t\t\t<\/div>\n\t\t\t\t<\/div>\n\t\t\t\t<\/div>\n\t\t\t\t\t<\/div>\n\t\t\t\t<\/div>\n\t\t<div class=\"elementor-element elementor-element-3c3808c e-flex e-con-boxed e-con e-parent\" data-id=\"3c3808c\" data-element_type=\"container\" data-settings=\"{&quot;background_background&quot;:&quot;classic&quot;}\">\n\t\t\t\t\t<div class=\"e-con-inner\">\n\t\t\t\t\t<\/div>\n\t\t\t\t<\/div>\n\t\t\t\t<\/div>\n\t\t","protected":false},"excerpt":{"rendered":"<p>Claudio Gastal \u00e9 secret\u00e1rio de Planejamento, Governan\u00e7a e Gest\u00e3o do Estado do Rio Grande do Sul. Atuou como presidente executivo do Movimento Brasil Competitivo (MBC), \u00e9 graduado na \u00e1rea de An\u00e1lise de Sistemas pela Universidade Cat\u00f3lica de Pelotas (UCPel), com mestrado em Sistemas de Informa\u00e7\u00f5es pela PUC-Campinas. Foi professor adjunto da UCPel e coordenador do [&hellip;]<\/p>\n","protected":false},"author":1,"featured_media":0,"parent":0,"menu_order":0,"comment_status":"closed","ping_status":"closed","template":"elementor_canvas","meta":{"footnotes":""},"class_list":["post-8","page","type-page","status-publish","hentry"],"_links":{"self":[{"href":"https:\/\/blogdogastal.com.br\/index.php?rest_route=\/wp\/v2\/pages\/8","targetHints":{"allow":["GET"]}}],"collection":[{"href":"https:\/\/blogdogastal.com.br\/index.php?rest_route=\/wp\/v2\/pages"}],"about":[{"href":"https:\/\/blogdogastal.com.br\/index.php?rest_route=\/wp\/v2\/types\/page"}],"author":[{"embeddable":true,"href":"https:\/\/blogdogastal.com.br\/index.php?rest_route=\/wp\/v2\/users\/1"}],"replies":[{"embeddable":true,"href":"https:\/\/blogdogastal.com.br\/index.php?rest_route=%2Fwp%2Fv2%2Fcomments&post=8"}],"version-history":[{"count":37,"href":"https:\/\/blogdogastal.com.br\/index.php?rest_route=\/wp\/v2\/pages\/8\/revisions"}],"predecessor-version":[{"id":95,"href":"https:\/\/blogdogastal.com.br\/index.php?rest_route=\/wp\/v2\/pages\/8\/revisions\/95"}],"wp:attachment":[{"href":"https:\/\/blogdogastal.com.br\/index.php?rest_route=%2Fwp%2Fv2%2Fmedia&parent=8"}],"curies":[{"name":"wp","href":"https:\/\/api.w.org\/{rel}","templated":true}]}}